{"id":2,"date":"2026-02-27T13:40:34","date_gmt":"2026-02-27T13:40:34","guid":{"rendered":"http:\/\/www.jeffson-partners.com\/?page_id=2"},"modified":"2026-03-07T15:55:36","modified_gmt":"2026-03-07T14:55:36","slug":"sample-page","status":"publish","type":"page","link":"https:\/\/www.jeffson-partners.com\/?page_id=2","title":{"rendered":"Installer et configurer une infrastructure r\u00e9seau"},"content":{"rendered":"\n<blockquote class=\"wp-block-quote is-layout-flow wp-block-quote-is-layout-flow\">\n<div class=\"wp-block-columns is-layout-flex wp-container-core-columns-is-layout-9d6595d7 wp-block-columns-is-layout-flex\">\n<div class=\"wp-block-column is-layout-flow wp-block-column-is-layout-flow\" style=\"flex-basis:100%\">\n<figure class=\"wp-block-table\"><table class=\"has-fixed-layout\"><tbody><tr><td><strong>Comp\u00e9tences<\/strong><\/td><td><strong>Th\u00e8me principal \/ Objet m\u00e9tier<\/strong><strong><\/strong><\/td><td><strong>Notions et activit\u00e9s cl\u00e9s<\/strong><strong><\/strong><\/td><td><strong>Outils<\/strong><\/td><\/tr><tr><td rowspan=\"2\"><em>&nbsp;<\/em> <em>&nbsp;<\/em> <em>&nbsp;<\/em> <strong>Installer et configurer une infrastructure r\u00e9seau<\/strong><\/td><td>Mise \u00e0 niveau syst\u00e8mes : Administration syst\u00e8mes<\/td><td>Rappels et consolidation : D\u00e9ploiement de serveurs physiques\/virtuels, installation de services r\u00e9seaux de base (DNS, DHCP, AD)<\/td><td>VirtualBox, GNS3, Active Directory, DNS, DHCP<\/td><\/tr><tr><td>Mise \u00e0 niveau r\u00e9seau : Administration r\u00e9seau<\/td><td>Rappels et consolidation : adressage IP, VLAN, routage, configuration \u00e9quipements, diagnostic de base (Commutation, WIFI et routage)<\/td><td>Packet Tracer, Wireshark, routeurs Cisco, VLAN config<\/td><\/tr><tr><td rowspan=\"4\">&nbsp; &nbsp; &nbsp; &nbsp; <strong>Concevoir une solution d\u2019infrastructure r\u00e9seau<\/strong> <strong>&nbsp;<\/strong><\/td><td>Introduction Bloc 2, gestion de projet, contexte m\u00e9tier. Lien avec le projet AP<\/td><td>Pr\u00e9sentation du r\u00e9f\u00e9rentiel, analyse d\u2019un besoin, organisation projet (outils de gestion de projets)<\/td><td>Trello, GanttProject, \u00e9diteur texte<\/td><\/tr><tr><td>Analyse de besoins et cahier des charges<\/td><td>Lecture et analyse d\u2019un cahier des charges, identification des exigences m\u00e9tier,<\/td><td>Word, Excel, \u00e9diteur PDF, Google Docs<\/td><\/tr><tr><td>Conception d\u2019architecture r\u00e9seau (projet AP)<\/td><td>Plans d\u2019adressage, plan de nommage, segmentation (VLAN, DMZ), sch\u00e9mas d\u2019architecture (partie1)<\/td><td>Packet Tracer, draw.io, \u00e9diteur d\u2019adressage IP<\/td><\/tr><tr><td>Choix techniques et argumentation<\/td><td>Plans d\u2019adressage, plan de nommage, segmentation (VLAN, DMZ), sch\u00e9mas d\u2019architecture (partie2)<\/td><td>Packet Tracer, \u00e9diteur de sch\u00e9ma, plan de nommage<\/td><\/tr><tr><td><strong>Installer et configurer une infrastructure r\u00e9seau<\/strong><\/td><td>Installation et configuration d\u2019\u00e9quipements d\u2019interconnexion<\/td><td>Mise en \u0153uvre de switches, routeurs, param\u00e9trage VLAN, routage, translation d\u2019adresses (Partie3)<\/td><td>Switch Cisco, routeur Cisco, console s\u00e9rie, VLAN config<\/td><\/tr><tr><td><strong>Installer et configurer une infrastructure r\u00e9seau<\/strong><\/td><td>Mise en production de serveurs et services<\/td><td>D\u00e9ploiement de serveurs physiques\/virtuels, installation de services r\u00e9seaux (DNS, DHCP, AD)<\/td><td>VirtualBox, ISO Windows\/Linux, AD, DNS, DHCP<\/td><\/tr><tr><td><strong>Administrer une infrastructure r\u00e9seau<\/strong><\/td><td>Administration syst\u00e8mes et services<\/td><td>Gestion des utilisateurs, droits, politiques de groupe, automatisation (scripts)<\/td><td>PowerShell, scripts Bash, GPO, AD<\/td><\/tr><tr><td><strong>Administrer une infrastructure r\u00e9seau<\/strong><\/td><td>Supervision et m\u00e9trologie<\/td><td>Mise en place d\u2019outils de supervision (Nagios, Centreon), collecte et analyse de m\u00e9triques<\/td><td>Nagios, Centreon, SNMP, MRTG<\/td><\/tr><tr><td><strong>Administrer une infrastructure r\u00e9seau<\/strong><\/td><td>Disponibilit\u00e9 et continuit\u00e9 de service<\/td><td>Sauvegarde\/restauration, tol\u00e9rance aux pannes, modes d\u00e9grad\u00e9s, PRA\/PCA<\/td><td>Veeam, scripts de sauvegarde, documentation PRA\/PCA<\/td><\/tr><\/tbody><\/table><\/figure>\n<\/div>\n<\/div>\n<\/blockquote>\n\n\n\n<p><\/p>\n\n\n\n<blockquote class=\"wp-block-quote is-layout-flow wp-block-quote-is-layout-flow\">\n<p><\/p>\n<\/blockquote>\n\n\n\n<p>As a new WordPress user, you should go to <a href=\"http:\/\/www.jeffson-partners.com\/wp-admin\/\">your dashboard<\/a> to delete this page and create new pages for your content. Have fun!<\/p>\n","protected":false},"excerpt":{"rendered":"<p>As a new WordPress user, you should go to your dashboard to delete this page and create new pages for your content. Have fun!<\/p>\n","protected":false},"author":1,"featured_media":0,"parent":0,"menu_order":0,"comment_status":"closed","ping_status":"open","template":"","meta":{"footnotes":""},"class_list":["post-2","page","type-page","status-publish","hentry"],"_links":{"self":[{"href":"https:\/\/www.jeffson-partners.com\/index.php?rest_route=\/wp\/v2\/pages\/2","targetHints":{"allow":["GET"]}}],"collection":[{"href":"https:\/\/www.jeffson-partners.com\/index.php?rest_route=\/wp\/v2\/pages"}],"about":[{"href":"https:\/\/www.jeffson-partners.com\/index.php?rest_route=\/wp\/v2\/types\/page"}],"author":[{"embeddable":true,"href":"https:\/\/www.jeffson-partners.com\/index.php?rest_route=\/wp\/v2\/users\/1"}],"replies":[{"embeddable":true,"href":"https:\/\/www.jeffson-partners.com\/index.php?rest_route=%2Fwp%2Fv2%2Fcomments&post=2"}],"version-history":[{"count":3,"href":"https:\/\/www.jeffson-partners.com\/index.php?rest_route=\/wp\/v2\/pages\/2\/revisions"}],"predecessor-version":[{"id":1582,"href":"https:\/\/www.jeffson-partners.com\/index.php?rest_route=\/wp\/v2\/pages\/2\/revisions\/1582"}],"wp:attachment":[{"href":"https:\/\/www.jeffson-partners.com\/index.php?rest_route=%2Fwp%2Fv2%2Fmedia&parent=2"}],"curies":[{"name":"wp","href":"https:\/\/api.w.org\/{rel}","templated":true}]}}